{"id":12778,"date":"2022-09-07T23:14:17","date_gmt":"2022-09-07T23:14:17","guid":{"rendered":"http:\/\/alantigner.org\/tttcmodern3\/about-us-2\/"},"modified":"2023-08-16T17:04:23","modified_gmt":"2023-08-16T17:04:23","slug":"about-us","status":"publish","type":"page","link":"http:\/\/tourtothecaves.com\/vi\/about-us\/","title":{"rendered":"V\u1ec1 ch\u00fang t\u00f4i"},"content":{"rendered":"<div class=\"wpb-content-wrapper\"><p>[vc_row gap=&#8221;10&#8243; equal_height=&#8221;yes&#8221;][vc_column][vc_column_text css=&#8221;.vc_custom_1692205021916{padding-top: 20px !important;}&#8221;]<\/p>\n<h3><span class=\"HwtZe\" lang=\"vi\"><span class=\"jCAhz ChMk0b\"><span class=\"ryNqvb\">Nh\u1eefng \u0111i\u1ec1u sau \u0111\u00e2y s\u1ebd k\u1ec3 c\u00e2u chuy\u1ec7n v\u1ec1 gia \u0111\u00ecnh d\u00e0i Nam<\/span><\/span><\/span><\/h3>\n<p>[\/vc_column_text][vc_row_inner][vc_column_inner][vc_single_image image=&#8221;13162&#8243; img_size=&#8221;300&#215;200&#8243; add_caption=&#8221;yes&#8221; alignment=&#8221;center&#8221; style=&#8221;vc_box_border_circle&#8221; onclick=&#8221;img_link_large&#8221; img_link_target=&#8221;_blank&#8221; css_animation=&#8221;bounceIn&#8221;][vc_column_text]<\/p>\n<h3>T\u1ea7m nh\u00ecn v\u00e0 s\u1ee9 m\u1ec7nh<\/h3>\n<p>Gia \u0111\u00ecnh N\u0103m Long mong mu\u1ed1n cung c\u1ea5p nh\u1eefng tr\u1ea3i nghi\u1ec7m \u00fd ngh\u0129a nh\u1ea5t cho nh\u1eefng du kh\u00e1ch y\u00eau th\u00edch s\u1ef1 kh\u00e1m ph\u00e1 v\u00e0 t\u1eadn h\u01b0\u1edfng v\u0103n ho\u00e1 \u0111\u1ecba ph\u01b0\u01a1ng, thi\u00ean nhi\u00ean, v\u00e0 h\u1ec7 th\u1ed1ng hang \u0111\u1ed9ng ngo\u1ea1n m\u1ee5c t\u1ea1i v\u01b0\u1eddn qu\u1ed1c gia t\u1ec9nh nh\u00e0. Ch\u00fang t\u00f4i mong mu\u1ed1n ph\u00e1t tri\u1ec3n t\u1ea7m nh\u00ecn \u0111\u1ec3 tr\u1edf th\u00e0nh m\u1ed9t trong nh\u1eefng c\u00f4ng ty h\u01b0\u1edbng d\u1eabn t\u1ed1t nh\u1ea5t trong khu v\u1ef1c, n\u01a1i b\u1ea1n c\u00f3 th\u1ec3 t\u00ecm th\u1ea5y s\u1ef1 tho\u1ea3i m\u00e1i, ph\u1ea5n kh\u00edch, v\u00e0 s\u1ef1 h\u00e0i l\u00f2ng trong t\u1ea5t c\u1ea3 nh\u1eefng kho\u1ea3nh kh\u1eafc m\u00e0 ch\u00fang t\u00f4i mang t\u1edbi trong su\u1ed1t cu\u1ed9c h\u00e0nh tr\u00ecnh.<\/p>\n<h3>V\u1ec1 nh\u00e0 s\u00e1ng l\u1eadp<\/h3>\n<p>H\u1ed3 V\u0103n S\u1ef9 sinh ra trong chi\u1ebfn tranh M\u1ef9-Vi\u1ec7t v\u00e0 l\u1edbn l\u00ean trong m\u1ed9t ng\u00f4i l\u00e0ng th\u1eddi chi\u1ebfn \u1edf ph\u00eda t\u00e2y c\u1ee7a \u0110\u1ed3ng H\u1edbi. Sau khi h\u1ecdc t\u1ea1i \u0111\u1ecba ph\u01b0\u01a1ng, t\u1ed1t nghi\u1ec7p \u0111\u1ea1i h\u1ecdc v\u00e0 l\u1ea5y b\u1eb1ng Th\u1ea1c s\u1ef9 v\u1ec1 Kinh t\u1ebf, \u00f4ng \u0111\u00e3 l\u00e0m vi\u1ec7c \u0111\u1ec3 c\u1ea3i thi\u1ec7n h\u1ec7 th\u1ed1ng t\u01b0\u1edbi cho ru\u1ed9ng l\u00faa trong t\u1ec9nh, sau \u0111\u00f3 l\u00e0m t\u01b0 v\u1ea5n cho Ng\u00e2n h\u00e0ng Ph\u00e1t tri\u1ec3n Ch\u00e2u \u00c1 v\u00e0 sau \u0111\u00f3 th\u00e0nh l\u1eadp t\u1ed5 ch\u1ee9c phi ch\u00ednh ph\u1ee7 c\u1ee7a m\u00ecnh \u0111\u1ec3 h\u1ed7 tr\u1ee3 ph\u00e1t tri\u1ec3n c\u1ed9ng \u0111\u1ed3ng \u0111\u1ecba ph\u01b0\u01a1ng.\u00a0 S\u1ef9 \u0111\u00e3 ph\u00e1t tri\u1ec3n m\u1ed9t s\u1ed1 d\u1ef1 \u00e1n c\u1ed9ng \u0111\u1ed3ng, bao g\u1ed3m \u0111\u00e0o t\u1ea1o 20 ng\u01b0\u1eddi khi\u1ebfm th\u1ecb, x\u00e2y d\u1ef1ng b\u1ebfn ph\u00e0 Tr\u1eb1m M\u00e9, gi\u00fap m\u1ed9t l\u00e0ng ch\u00e0i l\u1ecdc v\u00e0 qu\u1ea3ng b\u00e1 n\u01b0\u1edbc m\u1eafm gia truy\u1ec1n, h\u1ed7 tr\u1ee3 c\u00e1c v\u00f9ng d\u00e2n t\u1ed9c mi\u1ec1n n\u00fai, v\u00e0 nhi\u1ec1u h\u01a1n th\u1ebf n\u1eefa.<\/p>\n<p>B\u00e0 L\u00ea Th\u1ecb Thu Nga l\u1edbn l\u00ean tr\u00ean qu\u00ea h\u01b0\u01a1ng \u0110\u1ea1i T\u01b0\u1edbng, l\u00e0 ng\u01b0\u1eddi \u0111\u1eb7c bi\u1ec7t y\u00eau th\u00edch n\u1ea5u \u0103n v\u00e0 c\u00f3 nhi\u1ec1u kinh nghi\u1ec7m kinh doanh nh\u00e0 h\u00e0ng v\u00e0 ph\u1ee5c v\u1ee5 th\u1ef1c kh\u00e1ch. L\u00e0 m\u1ed9t con ng\u01b0\u1eddi \u0111\u00f4n h\u1eadu v\u1edbi t\u1ea5m l\u00f2ng bao dung, b\u00e0 Nga lu\u00f4n lu\u00f4n n\u1ed7 l\u1ef1c \u0111\u1ec3 gi\u00fap \u0111\u1ee1 v\u00e0 \u0111em l\u1ea1i ti\u1ebfng c\u01b0\u1eddi cho m\u1ecdi ng\u01b0\u1eddi m\u00e0 kh\u00f4ng k\u1ec3 kh\u00f3 kh\u0103n. B\u00e0 l\u00e0 m\u1ed9t tr\u1ee5 c\u1ed9t quan tr\u1ecdng trong gia \u0111\u00ecnh khi kh\u00f4ng ch\u1ec9 \u0111\u1ea3m \u0111ang vi\u1ec7c nh\u00e0, l\u00e0m tr\u00f2n thi\u00ean ch\u1ee9c, m\u00e0 c\u00f2n qu\u1ea3n l\u00fd c\u1ea3 m\u1ed9t \u0111\u1ed9i ng\u0169 nh\u00e2n vi\u00ean t\u1eadn t\u00ecnh v\u00e0 ch\u0103m s\u00f3c kh\u00e1ch c\u1ef1c k\u00ec chu \u0111\u00e1o.<\/p>\n<h3>B\u01b0\u1edbc \u0111\u1ea7u ti\u00ean tr\u00ean h\u00e0nh tr\u00ecnh Tour to the Caves<\/h3>\n<p>Nh\u1eadn th\u1ea5y t\u1ea7m quan tr\u1ecdng c\u1ee7a ng\u00e0nh du l\u1ecbch, \u00f4ng S\u1ef9 \u0111\u00e3 quy\u1ebft \u0111\u1ecbnh x\u00e2y d\u1ef1ng m\u1ed9t kh\u00e1ch s\u1ea1n nh\u1ecf v\u1edbi t\u00ean N\u0102M LONG nh\u1eb1m ph\u1ee5c v\u1ee5 kh\u00e1ch du l\u1ecbch v\u00e0 t\u1ea1o \u0111i\u1ec1u ki\u1ec7n l\u00e0m vi\u1ec7c cho ng\u01b0\u1eddi lao \u0111\u1ed9ng \u0111\u1ecba ph\u01b0\u01a1ng. Nh\u1edd v\u00e0o t\u1ea7m nh\u00ecn v\u00e0 chi\u1ebfn l\u01b0\u1ee3c \u0111\u00fang \u0111\u1eafn, kh\u00e1ch s\u1ea1n \u0111\u00e3 ph\u00e1t tri\u1ec3n v\u00e0 tr\u1edf th\u00e0nh m\u1ed9t th\u01b0\u01a1ng hi\u1ec7u d\u1eabn \u0111\u1ea7u.<\/p>\n<p>V\u00e0o n\u0103m 2013, S\u1ef9 v\u00e0 Nga \u0111\u00e3 \u0111\u01b0a ra quy\u1ebft \u0111\u1ecbnh thi\u1ebft k\u1ebf v\u00e0 x\u00e2y d\u1ef1ng kh\u00e1ch s\u1ea1n th\u1ee9 hai c\u1ee7a m\u00ecnh, N\u0102M LONG PLUS. Hai kh\u00e1ch s\u1ea1n \u0111\u00e3 g\u00f3p ph\u1ea7n \u0111em l\u1ea1i m\u1ed9t ngu\u1ed3n cung d\u1ed3i d\u00e0o cho c\u00e1c doanh nghi\u1ec7p \u0111\u1ecba ph\u01b0\u01a1ng, m\u1edf \u0111\u1ea7u cho s\u1ef1 ph\u00e1t tri\u1ec3n c\u1ee7a du l\u1ecbch Qu\u1ea3ng B\u00ecnh.<\/p>\n<p>Nhu c\u1ea7u \u0111\u01b0\u1ee3c th\u01b0\u1edfng ngo\u1ea1n danh lam th\u1eafng c\u1ea3nh c\u1ee7a Qu\u1ea3ng B\u00ecnh t\u1eeb kh\u00e1ch t\u0103ng cao, v\u00e0 \u0111\u00f3 l\u00e0 c\u00e1ch m\u00e0 \u201cTours to the Caves\u201d \u0111\u00e3 \u0111\u01b0\u1ee3c sinh ra. T\u1ea1i Nam Long, ch\u00fang t\u00f4i mong mu\u1ed1n b\u1ea1n \u0111\u01b0\u1ee3c t\u1eadn h\u01b0\u1edfng c\u00e1c tour du l\u1ecbch ch\u1ea5t l\u01b0\u1ee3ng t\u1ed1t v\u1edbi gi\u00e1 th\u00e0nh h\u1ee3p l\u00fd. \u0110i\u1ec1u \u0111\u00f3 \u0111\u01b0\u1ee3c th\u1ec3 hi\u1ec7n qua t\u00e1c phong chuy\u00ean nghi\u1ec7p v\u00e0 g\u1ea7n g\u0169i c\u1ee7a c\u00e1c b\u1ea1n h\u01b0\u1edbng d\u1eabn, v\u1ebb \u0111\u1eb9p c\u1ee7a \u0111i\u1ec3m \u0111\u1ebfn v\u00e0 s\u1ef1 ch\u0103m s\u00f3c kh\u00e1ch h\u00e0ng t\u1ec9 m\u1ec9.[\/vc_column_text][\/vc_column_inner][\/vc_row_inner][vc_column_text css=&#8221;.vc_custom_1692205420336{margin-right: 70px !important;margin-bottom: 10px !important;margin-left: 70px !important;border-top-width: 5px !important;border-right-width: 5px !important;border-bottom-width: 5px !important;border-left-width: 5px !important;padding-top: 10px !important;padding-right: 10px !important;padding-bottom: 10px !important;padding-left: 10px !important;border-left-color: #b1e5ae !important;border-right-color: #b1e5ae !important;border-top-color: #b1e5ae !important;border-bottom-color: #b1e5ae !important;border-radius: 20px !important;}&#8221;][\/vc_column_text][\/vc_column][\/vc_row]<\/p>\n<\/div>","protected":false},"excerpt":{"rendered":"<p>[vc_row gap=&#8221;10&#8243; equal_height=&#8221;yes&#8221;][vc_column][vc_column_text css=&#8221;.vc_custom_1692205021916{padding-top: 20px !important;}&#8221;] Nh\u1eefng \u0111i\u1ec1u sau \u0111\u00e2y s\u1ebd k\u1ec3 c\u00e2u chuy\u1ec7n v\u1ec1 gia \u0111\u00ecnh d\u00e0i Nam [\/vc_column_text][vc_row_inner][vc_column_inner][vc_single_image image=&#8221;13162&#8243; img_size=&#8221;300&#215;200&#8243; add_caption=&#8221;yes&#8221; alignment=&#8221;center&#8221; style=&#8221;vc_box_border_circle&#8221; onclick=&#8221;img_link_large&#8221; img_link_target=&#8221;_blank&#8221; css_animation=&#8221;bounceIn&#8221;][vc_column_text] T\u1ea7m nh\u00ecn v\u00e0 s\u1ee9 m\u1ec7nh Gia \u0111\u00ecnh N\u0103m Long mong mu\u1ed1n cung c\u1ea5p nh\u1eefng tr\u1ea3i nghi\u1ec7m \u00fd ngh\u0129a nh\u1ea5t cho nh\u1eefng du kh\u00e1ch y\u00eau th\u00edch s\u1ef1 kh\u00e1m [&hellip;]<\/p>\n","protected":false},"author":1,"featured_media":0,"parent":0,"menu_order":0,"comment_status":"closed","ping_status":"closed","template":"template-home.php","meta":{"footnotes":""},"class_list":["post-12778","page","type-page","status-publish","has-post-thumbnail","hentry"],"_links":{"self":[{"href":"http:\/\/tourtothecaves.com\/vi\/wp-json\/wp\/v2\/pages\/12778","targetHints":{"allow":["GET"]}}],"collection":[{"href":"http:\/\/tourtothecaves.com\/vi\/wp-json\/wp\/v2\/pages"}],"about":[{"href":"http:\/\/tourtothecaves.com\/vi\/wp-json\/wp\/v2\/types\/page"}],"author":[{"embeddable":true,"href":"http:\/\/tourtothecaves.com\/vi\/wp-json\/wp\/v2\/users\/1"}],"replies":[{"embeddable":true,"href":"http:\/\/tourtothecaves.com\/vi\/wp-json\/wp\/v2\/comments?post=12778"}],"version-history":[{"count":7,"href":"http:\/\/tourtothecaves.com\/vi\/wp-json\/wp\/v2\/pages\/12778\/revisions"}],"predecessor-version":[{"id":13169,"href":"http:\/\/tourtothecaves.com\/vi\/wp-json\/wp\/v2\/pages\/12778\/revisions\/13169"}],"wp:attachment":[{"href":"http:\/\/tourtothecaves.com\/vi\/wp-json\/wp\/v2\/media?parent=12778"}],"curies":[{"name":"wp","href":"https:\/\/api.w.org\/{rel}","templated":true}]}}